{"id":763,"date":"2019-06-17T15:06:42","date_gmt":"2019-06-17T14:06:42","guid":{"rendered":"https:\/\/sokvist.com\/?page_id=763"},"modified":"2019-06-17T15:36:14","modified_gmt":"2019-06-17T14:36:14","slug":"cookies-policy","status":"publish","type":"page","link":"https:\/\/sokvist.com\/ca\/politica-de-cookies\/","title":{"rendered":"Pol\u00edtica de cookies"},"content":{"rendered":"<p>El nostre lloc web www.sokvist.com utilitzen una tecnologia anomenada <em>cookie<\/em>, amb la finalitat de poder obtenir informaci\u00f3 sobre l&#8217;\u00fas del lloc web, millorar l\u2019experi\u00e8ncia de l\u2019usuari i garantir el seu correcte funcionament.<\/p>\n<h2>Qu\u00e8 s\u00f3n les cookies?<\/h2>\n<p>Una <em>cookie<\/em> \u00e9s un petit fragment de text que els llocs web envien al navegador i que s&#8217;emmagatzemen en el terminal de l&#8217;usuari, (ordinador o dispositiu m\u00f2bil). Aquests arxius tenen la finalitat d&#8217;emmagatzemar dades que podran ser actualitzades i recuperades per l&#8217;entitat responsable de la seva instal\u00b7laci\u00f3. Aix\u00ed, cada vegada que l&#8217;usuari torna a visitar el mateix lloc web, l&#8217;explorador recupera l&#8217;arxiu i l&#8217;envia al servidor del lloc web. Les cookies tenen diverses funcions entre les que s&#8217;inclouen, la de recollir informaci\u00f3 sobre les prefer\u00e8ncies de l&#8217;usuari i recordar-la, i en general, facilitar l&#8217;\u00fas del lloc web a l&#8217;usuari fent que el lloc sigui m\u00e9s \u00fatil al personalitzar el seu contingut.<\/p>\n<p>Les cookies es poden classificar en base a diferents par\u00e0metres:<\/p>\n<ul>\n<li><strong>Titularitat<\/strong>: cookies pr\u00f2pies i cookies de tercers: depenent de quina sigui l&#8217;entitat que gestioni el domini des d&#8217;on s&#8217;envien les cookies i es tractin les dades que s&#8217;obtinguin.<\/li>\n<li><strong>Durada<\/strong>: cookies de sessi\u00f3 i cookies persistents: d&#8217;acord amb el termini de temps que romanen emmagatzemades al terminal de l&#8217;usuari.<\/li>\n<li><strong>Finalitat<\/strong>: cookies t\u00e8cniques, cookies de personalitzaci\u00f3, cookies d&#8217;an\u00e0lisi, cookies publicit\u00e0ries, cookies de publicitat comportamental: d&#8217;acord amb la finalitat per a la qual es tractin les dades obtingudes.\n<ul>\n<li><strong>Cookies t\u00e8cniques<\/strong>: S\u00f3n aquelles que permeten a l&#8217;usuari la navegaci\u00f3 a trav\u00e9s de la p\u00e0gina web o aplicaci\u00f3 i la utilitzaci\u00f3 de les diferents opcions o serveis que en ella existeixen. Per exemple, controlar el tr\u00e0nsit i la comunicaci\u00f3 de dades , identificar la sessi\u00f3 o accedir a les parts web d&#8217;acc\u00e9s restringit.<\/li>\n<li><strong>Cookies de personalitzaci\u00f3<\/strong>: S\u00f3n aquelles que permeten a l&#8217;usuari accedir al servei amb algunes caracter\u00edstiques de car\u00e0cter general predefinides en el seu terminal o que el propi usuari defineixi . Per exemple, l&#8217;idioma, el tipus de navegador a trav\u00e9s del qual accedeix al servei o el disseny de continguts seleccionat.<\/li>\n<li><strong>Cookies d&#8217;an\u00e0lisi<\/strong>: S\u00f3n aquelles que o b\u00e9 tractades per nosaltres o per tercers, ens permeten quantificar el nombre d&#8217;usuaris i aix\u00ed realitzar l&#8217;an\u00e0lisi estad\u00edstic de la utilitzaci\u00f3 que fan els usuaris del servei ofert. Per aix\u00f2 s&#8217;analitza la seva navegaci\u00f3 a la nostra p\u00e0gina web per tal de millorar l&#8217;oferta de productes o serveis que li oferim.<\/li>\n<li><strong>Cookies publicit\u00e0ries<\/strong>: S\u00f3n aquelles que permeten la gesti\u00f3, de la forma m\u00e9s efica\u00e7 possible, dels espais publicitaris que, si escau, l&#8217;editor hagi incl\u00f2s en una p\u00e0gina web, aplicaci\u00f3 o plataforma des de la qual presta el servei sol\u00b7licitat sobre la base de criteris com el contingut editat o la freq\u00fc\u00e8ncia en a qual es mostren els anuncis.<\/li>\n<li><strong>Cookies de publicitat comportamental<\/strong>: S\u00f3n aquelles que permeten la gesti\u00f3, de la manera m\u00e9s efica\u00e7 possible, dels espais publicitaris que, si escau, l&#8217;editor hagi incl\u00f2s en una p\u00e0gina web, aplicaci\u00f3 o plataforma des de la que presta el servei sol\u00b7licitat. Aquestes cookies emmagatzemen informaci\u00f3 del comportament dels usuaris obtinguda a trav\u00e9s de l&#8217;observaci\u00f3 continuada dels seus h\u00e0bits de navegaci\u00f3, el que permet desenvolupar un perfil espec\u00edfic per mostrar publicitat en funci\u00f3 del mateix.<\/li>\n<\/ul>\n<\/li>\n<\/ul>\n<h2>Cookies utilitzades al nostre lloc web<\/h2>\n<p>El nostre lloc web utilitza tant cookies pr\u00f2pies, que s\u00f3n les enviades al seu dispositiu i gestionades exclusivament per nosaltres per al millor funcionament del lloc web, com cookies de tercers, amb la funci\u00f3 de servir-nos com a eina d\u2019an\u00e0lisis de la interacci\u00f3 dels usuaris amb la nostra web, gr\u00e0cies a elles obtenim una informaci\u00f3 que pot ajudar-nos a millorar la navegaci\u00f3 i donar un millor servei als usuaris.<\/p>\n<p>El nostre lloc web fa servir tant cookies temporals de sessi\u00f3 com cookies persistents. Les cookies de sessi\u00f3 emmagatzemen dades \u00fanicament mentre l&#8217;usuari accedeix a la web i les cookies persistents emmagatzemen les dades en el terminal perqu\u00e8 siguin accedides i utilitzades en m\u00e9s d&#8217;una sessi\u00f3.<\/p>\n<p>Concretament les cookies que utilitzades al nostre lloc web s\u00f3n:<\/p>\n<p><strong>Cookies pr\u00f2pies<\/strong>:<\/p>\n<p>Les cookies pr\u00f2pies que fem servir en el nostre lloc web s\u00f3n de car\u00e0cter t\u00e8cnic, fonamentals per al funcionament de la web.<\/p>\n<p><strong>Nom:<\/strong> EU_COOKIE_LAW_CONSENT<br \/>\n<strong>Titular:<\/strong> Pr\u00f2pia de la web<br \/>\n<strong>Finalitat:<\/strong> Registra el consentiment de la pol\u00edtica de cookies del web<br \/>\n<strong>Durada:<\/strong> 1 mes<\/p>\n<p><strong>Cookie<\/strong>: qtrans_front_language<br \/>\n<strong>Titular<\/strong>: Pr\u00f2pia de la web<br \/>\n<strong>Finalitat<\/strong>: Cookie de WordPress per detectar l\u2019idioma del navegador<br \/>\n<strong>Durada<\/strong>: 12 mesos des de l\u2019ultima actualitzaci\u00f3<\/p>\n<p><strong>Cookies de tercers<\/strong>:<\/p>\n<p><strong>Nom: <\/strong>_ga, _gat, _gid<br \/>\n<strong>Titular: <\/strong>Google Inc. (Google Analytics)<br \/>\n<strong>Finalitat: <\/strong>Analitzen el tr\u00e0fic d\u2019aquesta web<br \/>\n<strong>Duraci\u00f3: <\/strong>Sessi\u00f3 i persistent<\/p>\n<p><strong>Nom: <\/strong>_fbp<br \/>\n<strong>Titular: <\/strong>Facebook<br \/>\n<strong>Finalitat: <\/strong>Utilitzada per Facebook per proporcionar productes publicitaris<br \/>\n<strong>Duraci\u00f3: <\/strong>3 mesos<\/p>\n<p>M\u00e9s informaci\u00f3 sobre la pol\u00edtica de Cookies de Google Analytics <a href=\"https:\/\/developers.google.com\/analytics\/devguides\/collection\/analyticsjs\/cookie-usage?hl=es-419\">aqu\u00ed<\/a><\/p>\n<p>M\u00e9s informaci\u00f3 sobre la pol\u00edtica de Cookies de Google <a href=\"https:\/\/policies.google.com\/technologies\/types?hl=es\">aqu\u00ed<\/a><\/p>\n<p>Finalment, tamb\u00e9 s&#8217;utilitzen galetes de complement (plug-in) per intercanviar continguts socials.<\/p>\n<h2>Consentiment<\/h2>\n<p>Al navegar i continuar al nostre lloc web l\u2019usuari estar\u00e0 consentint l&#8217;\u00fas de les cookies abans enunciades, pels terminis assenyalats i en les condicions contingudes en la present Pol\u00edtica de Cookies.<\/p>\n<p>Aix\u00ed mateix, l&#8217;informem que si vost\u00e8 consulta continguts de la nostra web allotjats en webs de tercers, aquests tenen la seva pr\u00f2pia pol\u00edtica de cookies.<\/p>\n<h2>Retirada del consentiment<\/h2>\n<p>L&#8217;usuari podr\u00e0 retirar en qualsevol moment el seu consentiment relacionat amb aquesta Pol\u00edtica de Cookies, per aix\u00f2 haur\u00e0 d&#8217;eliminar les cookies emmagatzemades en el seu equip utilitzant els ajustaments i configuracions del seu navegador d&#8217;Internet.<\/p>\n<h2>Modificaci\u00f3 de la configuraci\u00f3 de les cookies<\/h2>\n<p>L&#8217;usuari pot restringir, bloquejar o esborrar les cookies de qualsevol lloc web, utilitzant el seu navegador. A cada navegador l&#8217;operativa \u00e9s diferent, pel que pot consultar als seg\u00fcents enlla\u00e7os la forma de fer-ho<\/p>\n<p>Internet Explorer: http:\/\/windows.microsoft.com\/es-xl\/internet-explorer\/delete-manage-cookies#ie=ie-11<br \/>\nFireFox: https:\/\/support.mozilla.org\/es\/kb\/Borrar%20cookies<br \/>\nChrome: https:\/\/support.google.com\/chrome\/answer\/95647?hl=es<br \/>\nSafari: http:\/\/www.apple.com\/legal\/privacy\/es\/cookies\/<br \/>\nOpera: http:\/\/help.opera.com\/Linux\/10.50\/en\/cookies.html<br \/>\nSafari para iOS (dispositivos iPhone y iPad): http:\/\/help.opera.com\/Linux\/10.50\/en\/cookies.html<br \/>\nChrome para Android: https:\/\/support.google.com\/chrome\/answer\/2392971?hl=es<br \/>\nWindows Phone: http:\/\/www.windowsphone.com\/es-es\/how-to\/wp7\/web\/changing-privacy-and-other-browser-<\/p>\n<p>Per obtenir m\u00e9s informaci\u00f3 sobre l&#8217;eliminaci\u00f3, deshabilitaci\u00f3 o bloqueig de les cookies tamb\u00e9 pot visitar:<\/p>\n<p>http:\/\/www.aboutcookies.org\/Default.aspx?page=2<\/p>\n<h2>Actualitzaci\u00f3 de la pol\u00edtica de cookies<\/h2>\n<p>Aquest lloc web pot modificar aquesta Pol\u00edtica sobre Cookies, per aix\u00f2 li recomanem revisar aquesta pol\u00edtica cada vegada que accedeixi al nostre lloc web per tal d&#8217;estar adequadament informat sobre l\u2019\u00fas que fem de les cookies.<\/p>","protected":false},"excerpt":{"rendered":"El nostre lloc web www.sokvist.com utilitzen una tecnologia anomenada cookie, amb la finalitat de poder obtenir informaci\u00f3 sobre l&#8217;\u00fas del lloc web, millorar l\u2019experi\u00e8ncia de l\u2019usuari i garantir el seu correcte funcionament. Qu\u00e8 s\u00f3n les cookies? Una cookie \u00e9s un petit fragment de text que els llocs web envien al navegador i que s&#8217;emmagatzemen en &#8230;","protected":false},"author":1,"featured_media":0,"parent":0,"menu_order":0,"comment_status":"closed","ping_status":"closed","template":"","meta":{"_acf_changed":false,"footnotes":""},"class_list":["post-763","page","type-page","status-publish","hentry"],"acf":[],"aioseo_notices":[],"_links":{"self":[{"href":"https:\/\/sokvist.com\/ca\/wp-json\/wp\/v2\/pages\/763","targetHints":{"allow":["GET"]}}],"collection":[{"href":"https:\/\/sokvist.com\/ca\/wp-json\/wp\/v2\/pages"}],"about":[{"href":"https:\/\/sokvist.com\/ca\/wp-json\/wp\/v2\/types\/page"}],"author":[{"embeddable":true,"href":"https:\/\/sokvist.com\/ca\/wp-json\/wp\/v2\/users\/1"}],"replies":[{"embeddable":true,"href":"https:\/\/sokvist.com\/ca\/wp-json\/wp\/v2\/comments?post=763"}],"version-history":[{"count":3,"href":"https:\/\/sokvist.com\/ca\/wp-json\/wp\/v2\/pages\/763\/revisions"}],"predecessor-version":[{"id":768,"href":"https:\/\/sokvist.com\/ca\/wp-json\/wp\/v2\/pages\/763\/revisions\/768"}],"wp:attachment":[{"href":"https:\/\/sokvist.com\/ca\/wp-json\/wp\/v2\/media?parent=763"}],"curies":[{"name":"wp","href":"https:\/\/api.w.org\/{rel}","templated":true}]}}